{"id":1697,"date":"2022-11-03T10:23:32","date_gmt":"2022-11-03T14:23:32","guid":{"rendered":"https:\/\/nsisolution.com\/?page_id=1697"},"modified":"2024-01-03T15:33:35","modified_gmt":"2024-01-03T20:33:35","slug":"social-responsability","status":"publish","type":"page","link":"https:\/\/nsisolution.com\/en\/why-nsi\/social-responsability\/","title":{"rendered":"Social Responsability"},"content":{"rendered":"\n<div class=\"wp-block-group content-header advgb-dyn-891d01f2\"><div class=\"wp-block-group__inner-container is-layout-flow wp-block-group-is-layout-flow\">\n<h1 class=\"wp-block-heading advgb-dyn-21b2075d\">Our Commitment to our Community and the Environment<\/h1>\n\n\n\n<h4 class=\"wp-block-heading advgb-dyn-cb6d379a\">NSI is committed to investing 2-4% of its revenues in social and environmental issues.<\/h4>\n\n\n\n<p>We believe that to be successful, generating profit is no longer enough. In addition to creating economic value, NSI is committed to creating a positive impact for our community and the environment. Our role is to lead by example and inspire the business community to integrate sustainable and responsible practices.<\/p>\n\n\n\n<p>When we undertake transformation projects for our clients, we always seek to assess the environmental impact in order to reduce it.<\/p>\n\n\n\n<p>In addition, NSI will provide pro bono professional fees, as needed, for projects that directly impact the environment and society in a positive way.<\/p>\n<\/div><\/div>\n\n\n\n<h2 class=\"wp-block-heading advgb-dyn-9934ca0e\">SoCIAL AND Environmental certifications<\/h2>\n\n\n\n<div class=\"wp-block-media-text is-stacked-on-mobile is-vertically-aligned-center\" style=\"grid-template-columns:15% auto\"><figure class=\"wp-block-media-text__media\"><a href=\"https:\/\/www.bcorporation.net\/en-us\/find-a-b-corp\/company\/nsi-solution\/\"><img decoding=\"async\" width=\"404\" height=\"680\" src=\"https:\/\/nsisolution.com\/wp-content\/uploads\/2024\/01\/B-Corp-Logo-Black-RGB.png\" alt=\"\" class=\"wp-image-3316 size-full\"\/><\/a><\/figure><div class=\"wp-block-media-text__content\">\n<p class=\"has-text-align-left\">NSI is proud to be a <a href=\"https:\/\/www.bcorporation.net\/en-us\/find-a-b-corp\/company\/nsi-solution\/\">certified B Corporation<\/a>, a testament to our unwavering commitment to balancing profit with purpose. Our BCorp certification reflects our dedication to meeting the highest standards of verified social and environmental performance, public transparency, and legal accountability. We see business as a force for good, striving not only for financial success but also to generate a positive impact for our customers, community, and the environment. Our BCorp status is more than a certification; it&#8217;s a symbol of our journey towards sustainable and responsible business practices, ensuring that we contribute meaningfully to a better world while delivering top-notch digital transformation solutions.<\/p>\n<\/div><\/div>\n\n\n\n<hr class=\"wp-block-separator has-alpha-channel-opacity\"\/>\n\n\n\n<div class=\"wp-block-media-text has-media-on-the-right is-stacked-on-mobile is-vertically-aligned-center\" style=\"grid-template-columns:auto 25%\"><div class=\"wp-block-media-text__content\">\n<p>Coastal erosion threatens not only the Magdalen Islands archipelago, but all shorelines worldwide. In fact, the 12,000 measurements collected since 2005 by the Laboratoire de dynamique et de gestion int\u00e9gr\u00e9es des zones c\u00f4ti\u00e8res at the Universit\u00e9 du Qu\u00e9bec \u00e0 Rimouski (UQAR) show that the shores of the Magdalen Islands have retreated by nearly 8.5 metres since 2005, due to the erosion affecting them.<\/p>\n\n\n\n<p><a href=\"https:\/\/www.alliancemyrique.ca\/\">Alliance Myrique<\/a> offers companies the Shoreline Protector certification program. For each project carried out by NSI, Alliance Myrique grows the seedlings and gives them free of charge to the government partners who identify the planting zones.<\/p>\n<\/div><figure class=\"wp-block-media-text__media\"><img decoding=\"async\" width=\"1024\" height=\"1024\" src=\"https:\/\/nsisolution.com\/wp-content\/uploads\/2023\/09\/AM_Certified-Member-Protector_Sigle_GREY-1024x1024.png\" alt=\"\" class=\"wp-image-3183 size-full\"\/><\/figure><\/div>\n\n\n\n<h2 class=\"wp-block-heading advgb-dyn-cf985f9f\">Some of our Initiatives<\/h2>\n\n\n\n<figure class=\"wp-block-gallery has-nested-images columns-default is-cropped wp-block-gallery-1 is-layout-flex wp-block-gallery-is-layout-flex\">\n<figure class=\"wp-block-image size-large\"><img decoding=\"async\" width=\"1365\" height=\"1024\" data-id=\"3326\" src=\"https:\/\/nsisolution.com\/wp-content\/uploads\/2024\/01\/IMG_3561-1365x1024.jpg\" alt=\"\" class=\"wp-image-3326\"\/><\/figure>\n\n\n\n<figure class=\"wp-block-image size-full\"><img decoding=\"async\" width=\"1024\" height=\"683\" data-id=\"1554\" src=\"https:\/\/nsisolution.com\/wp-content\/uploads\/2022\/11\/275851337_154218713714954_6290302780494101745_n.jpeg\" alt=\"\" class=\"wp-image-1554\"\/><\/figure>\n\n\n\n<figure class=\"wp-block-image size-large\"><img decoding=\"async\" width=\"1360\" height=\"1024\" data-id=\"3324\" src=\"https:\/\/nsisolution.com\/wp-content\/uploads\/2024\/01\/PXL_20230622_133814965-1360x1024.jpg\" alt=\"\" class=\"wp-image-3324\"\/><\/figure>\n<\/figure>\n\n\n\n<div class=\"wp-block-advgb-accordions advgb-accordions-15578483-7633-4014-9551-8b35d868b401 advgb-accordion-wrapper\">\n<div class=\"wp-block-advgb-accordion-item advgb-accordion-item\" style=\"margin-bottom:15px\"><div class=\"advgb-accordion-header\" style=\"background-color:#F5F5F5;color:#3C3A39;border-style:solid;border-width:0px\"><span class=\"advgb-accordion-header-icon\"><svg fill=\"#3C3A39\" xmlns=\"http:\/\/www.w3.org\/2000\/svg\" width=\"24\" height=\"24\" viewBox=\"0 0 24 24\"><path opacity=\"0.87\" fill=\"none\" d=\"M24,24H0L0,0l24,0V24z\"><\/path><path d=\"M16.59,8.59L12,13.17L7.41,8.59L6,10l6,6l6-6L16.59,8.59z\"><\/path><\/svg><\/span><h4 class=\"advgb-accordion-header-title\" style=\"color:inherit\">Volunteer Involvement of all our Employees<\/h4><\/div><div class=\"advgb-accordion-body\" style=\"border-style:solid !important;border-width:0px !important;border-color:undefined !important;border-top:none !important\">\n<p>All employees must complete at least 2 days of volunteer work per year with any organization of their choice.<\/p>\n<\/div><\/div>\n\n\n\n<div class=\"wp-block-advgb-accordion-item advgb-accordion-item\" style=\"margin-bottom:15px\"><div class=\"advgb-accordion-header\" style=\"background-color:#F5F5F5;color:#3C3A39;border-style:solid;border-width:0px\"><span class=\"advgb-accordion-header-icon\"><svg fill=\"#3C3A39\" xmlns=\"http:\/\/www.w3.org\/2000\/svg\" width=\"24\" height=\"24\" viewBox=\"0 0 24 24\"><path opacity=\"0.87\" fill=\"none\" d=\"M24,24H0L0,0l24,0V24z\"><\/path><path d=\"M16.59,8.59L12,13.17L7.41,8.59L6,10l6,6l6-6L16.59,8.59z\"><\/path><\/svg><\/span><h4 class=\"advgb-accordion-header-title\" style=\"color:inherit\">Financial Support to Non-profit Organizations<\/h4><\/div><div class=\"advgb-accordion-body\" style=\"border-style:solid !important;border-width:0px !important;border-color:undefined !important;border-top:none !important\">\n<p>NSI financially supports organizations such as The Literacy Foundation, The Foundation of Stars, the Grand d\u00e9fi Pierre Lavoie, and many others.<\/p>\n<\/div><\/div>\n\n\n\n<div class=\"wp-block-advgb-accordion-item advgb-accordion-item\" style=\"margin-bottom:15px\"><div class=\"advgb-accordion-header\" style=\"background-color:#F5F5F5;color:#3C3A39;border-style:solid;border-width:0px\"><span class=\"advgb-accordion-header-icon\"><svg fill=\"#3C3A39\" xmlns=\"http:\/\/www.w3.org\/2000\/svg\" width=\"24\" height=\"24\" viewBox=\"0 0 24 24\"><path opacity=\"0.87\" fill=\"none\" d=\"M24,24H0L0,0l24,0V24z\"><\/path><path d=\"M16.59,8.59L12,13.17L7.41,8.59L6,10l6,6l6-6L16.59,8.59z\"><\/path><\/svg><\/span><h4 class=\"advgb-accordion-header-title\" style=\"color:inherit\">For Each Project, NSI Plants a Tree<\/h4><\/div><div class=\"advgb-accordion-body\" style=\"border-style:solid !important;border-width:0px !important;border-color:undefined !important;border-top:none !important\">\n<p>For each project, NSI commits to planting a tree to protect the shoreline of the Magdalen Islands, QC, Canada.<\/p>\n<\/div><\/div>\n\n\n\n<div class=\"wp-block-advgb-accordion-item advgb-accordion-item\" style=\"margin-bottom:15px\"><div class=\"advgb-accordion-header\" style=\"background-color:#F5F5F5;color:#3C3A39;border-style:solid;border-width:0px\"><span class=\"advgb-accordion-header-icon\"><svg fill=\"#3C3A39\" xmlns=\"http:\/\/www.w3.org\/2000\/svg\" width=\"24\" height=\"24\" viewBox=\"0 0 24 24\"><path opacity=\"0.87\" fill=\"none\" d=\"M24,24H0L0,0l24,0V24z\"><\/path><path d=\"M16.59,8.59L12,13.17L7.41,8.59L6,10l6,6l6-6L16.59,8.59z\"><\/path><\/svg><\/span><h4 class=\"advgb-accordion-header-title\" style=\"color:inherit\">Montreal Climate Partner<\/h4><\/div><div class=\"advgb-accordion-body\" style=\"border-style:solid !important;border-width:0px !important;border-color:undefined !important;border-top:none !important\">\n<p>The Montreal Climate Partnership aims to mobilize economic, philanthropic, institutional, and community forces to accelerate the decarbonization of the metropolis and strengthen its resilience.<\/p>\n<\/div><\/div>\n\n\n\n<div class=\"wp-block-advgb-accordion-item advgb-accordion-item\" style=\"margin-bottom:15px\"><div class=\"advgb-accordion-header\" style=\"background-color:#F5F5F5;color:#3C3A39;border-style:solid;border-width:0px\"><span class=\"advgb-accordion-header-icon\"><svg fill=\"#3C3A39\" xmlns=\"http:\/\/www.w3.org\/2000\/svg\" width=\"24\" height=\"24\" viewBox=\"0 0 24 24\"><path opacity=\"0.87\" fill=\"none\" d=\"M24,24H0L0,0l24,0V24z\"><\/path><path d=\"M16.59,8.59L12,13.17L7.41,8.59L6,10l6,6l6-6L16.59,8.59z\"><\/path><\/svg><\/span><h4 class=\"advgb-accordion-header-title\" style=\"color:inherit\">Hybrid Work Mode<\/h4><\/div><div class=\"advgb-accordion-body\" style=\"border-style:solid !important;border-width:0px !important;border-color:undefined !important;border-top:none !important\">\n<p>We encourage telecommuting or working in one of our offices in a co-working space. The offices naturally offer a shared mode and a reduced need for space. Our offices are strategically located to encourage active travel or public transportation.<\/p>\n<\/div><\/div>\n\n\n\n<div class=\"wp-block-advgb-accordion-item advgb-accordion-item\" style=\"margin-bottom:15px\"><div class=\"advgb-accordion-header\" style=\"background-color:#F5F5F5;color:#3C3A39;border-style:solid;border-width:0px\"><span class=\"advgb-accordion-header-icon\"><svg fill=\"#3C3A39\" xmlns=\"http:\/\/www.w3.org\/2000\/svg\" width=\"24\" height=\"24\" viewBox=\"0 0 24 24\"><path opacity=\"0.87\" fill=\"none\" d=\"M24,24H0L0,0l24,0V24z\"><\/path><path d=\"M16.59,8.59L12,13.17L7.41,8.59L6,10l6,6l6-6L16.59,8.59z\"><\/path><\/svg><\/span><h4 class=\"advgb-accordion-header-title\" style=\"color:inherit\">Travel by Public or Active Transportation<\/h4><\/div><div class=\"advgb-accordion-body\" style=\"border-style:solid !important;border-width:0px !important;border-color:undefined !important;border-top:none !important\">\n<p>We prioritize the realization of projects in virtual mode but when it comes time to travel to our clients or to one of our four offices, we favor public transportation (bus, metro, or train) and active transportation (walking or biking).<\/p>\n<\/div><\/div>\n<\/div>\n\n\n\n<div class=\"wp-block-group block-cta reveal\"><div class=\"wp-block-group__inner-container is-layout-flow wp-block-group-is-layout-flow\">\n<div class=\"wp-block-columns is-layout-flex wp-container-core-columns-is-layout-9d6595d7 wp-block-columns-is-layout-flex\">\n<div class=\"wp-block-column is-layout-flow wp-block-column-is-layout-flow\">\n<figure class=\"wp-block-image size-full is-resized\"><img decoding=\"async\" width=\"2000\" height=\"1333\" src=\"https:\/\/nsisolution.com\/wp-content\/uploads\/2024\/04\/NSI-Solution-26-1.jpg\" alt=\"\" class=\"wp-image-3487\" style=\"height:520px\"\/><\/figure>\n\n\n\n<h4 class=\"wp-block-heading\">Discover the Zoho Apps<\/h4>\n\n\n\n<div class=\"wp-block-buttons is-layout-flex wp-block-buttons-is-layout-flex\">\n<div class=\"wp-block-button\"><a class=\"wp-block-button__link wp-element-button\" href=\"https:\/\/nsisolution.com\/en\/request-a-zoho-demo\/\">Get a Free Demo<\/a><\/div>\n<\/div>\n<\/div>\n\n\n\n<div class=\"wp-block-column is-layout-flow wp-block-column-is-layout-flow\">\n<figure class=\"wp-block-image size-full is-resized\"><img decoding=\"async\" width=\"2000\" height=\"1333\" src=\"https:\/\/nsisolution.com\/wp-content\/uploads\/2024\/04\/NSI-Solution-04-1.jpg\" alt=\"\" class=\"wp-image-3492\" style=\"height:520px\"\/><\/figure>\n\n\n\n<h4 class=\"wp-block-heading\">Try Zoho One for Free<\/h4>\n\n\n\n<div class=\"wp-block-buttons is-layout-flex wp-block-buttons-is-layout-flex\">\n<div class=\"wp-block-button\"><a class=\"wp-block-button__link wp-element-button\" href=\"https:\/\/store.zoho.com\/ResellerCustomerSignUp.do?id=a0b0e08f5cd671123c8168f4552ba59f&amp;locale=en\" target=\"_blank\" rel=\"noreferrer noopener\">Open an Account<\/a><\/div>\n<\/div>\n<\/div>\n<\/div>\n<\/div><\/div>\n","protected":false},"excerpt":{"rendered":"<p>Our Commitment to our Community and the Environment NSI is committed to investing 2-4% of its revenues in social and environmental issues. We believe that to be successful, generating profit is no longer enough. In addition to creating economic value, NSI is committed to creating a positive impact for our community and the environment. Our [&hellip;]<\/p>\n","protected":false},"author":5,"featured_media":0,"parent":1601,"menu_order":45,"comment_status":"closed","ping_status":"closed","template":"","meta":{"_acf_changed":false,"inline_featured_image":false,"advgb_blocks_editor_width":"","advgb_blocks_columns_visual_guide":"","footnotes":""},"class_list":["post-1697","page","type-page","status-publish","hentry"],"acf":[],"mb":[],"yoast_head":"<!-- This site is optimized with the Yoast SEO plugin v27.4 - https:\/\/yoast.com\/product\/yoast-seo-wordpress\/ -->\n<title>Social Responsability - NSI Solution<\/title>\n<meta name=\"description\" content=\"NSI is committed to investing 2-4% of its revenues in social and environmental issues. We believe that to be successful, generating profit is no longer enough.\" \/>\n<meta name=\"robots\" content=\"index, follow, max-snippet:-1, max-image-preview:large, max-video-preview:-1\" \/>\n<link rel=\"canonical\" href=\"https:\/\/nsisolution.com\/en\/why-nsi\/social-responsability\/\" \/>\n<meta property=\"og:locale\" content=\"en_US\" \/>\n<meta property=\"og:type\" content=\"article\" \/>\n<meta property=\"og:title\" content=\"Social Responsability - NSI Solution\" \/>\n<meta property=\"og:description\" content=\"NSI is committed to investing 2-4% of its revenues in social and environmental issues. We believe that to be successful, generating profit is no longer enough.\" \/>\n<meta property=\"og:url\" content=\"https:\/\/nsisolution.com\/en\/why-nsi\/social-responsability\/\" \/>\n<meta property=\"og:site_name\" content=\"NSI Solution\" \/>\n<meta property=\"article:modified_time\" content=\"2024-01-03T20:33:35+00:00\" \/>\n<meta property=\"og:image\" content=\"https:\/\/nsisolution.com\/wp-content\/uploads\/2024\/01\/B-Corp-Logo-Black-RGB.png\" \/>\n<meta name=\"twitter:card\" content=\"summary_large_image\" \/>\n<meta name=\"twitter:site\" content=\"@NSI_Solution\" \/>\n<script type=\"application\/ld+json\" class=\"yoast-schema-graph\">{\"@context\":\"https:\\\/\\\/schema.org\",\"@graph\":[{\"@type\":\"WebPage\",\"@id\":\"https:\\\/\\\/nsisolution.com\\\/en\\\/why-nsi\\\/social-responsability\\\/\",\"url\":\"https:\\\/\\\/nsisolution.com\\\/en\\\/why-nsi\\\/social-responsability\\\/\",\"name\":\"Social Responsability - NSI Solution\",\"isPartOf\":{\"@id\":\"https:\\\/\\\/nsisolution.com\\\/en\\\/#website\"},\"primaryImageOfPage\":{\"@id\":\"https:\\\/\\\/nsisolution.com\\\/en\\\/why-nsi\\\/social-responsability\\\/#primaryimage\"},\"image\":{\"@id\":\"https:\\\/\\\/nsisolution.com\\\/en\\\/why-nsi\\\/social-responsability\\\/#primaryimage\"},\"thumbnailUrl\":\"https:\\\/\\\/nsisolution.com\\\/wp-content\\\/uploads\\\/2024\\\/01\\\/B-Corp-Logo-Black-RGB.png\",\"datePublished\":\"2022-11-03T14:23:32+00:00\",\"dateModified\":\"2024-01-03T20:33:35+00:00\",\"description\":\"NSI is committed to investing 2-4% of its revenues in social and environmental issues. We believe that to be successful, generating profit is no longer enough.\",\"breadcrumb\":{\"@id\":\"https:\\\/\\\/nsisolution.com\\\/en\\\/why-nsi\\\/social-responsability\\\/#breadcrumb\"},\"inLanguage\":\"en-US\",\"potentialAction\":[{\"@type\":\"ReadAction\",\"target\":[\"https:\\\/\\\/nsisolution.com\\\/en\\\/why-nsi\\\/social-responsability\\\/\"]}]},{\"@type\":\"ImageObject\",\"inLanguage\":\"en-US\",\"@id\":\"https:\\\/\\\/nsisolution.com\\\/en\\\/why-nsi\\\/social-responsability\\\/#primaryimage\",\"url\":\"https:\\\/\\\/nsisolution.com\\\/wp-content\\\/uploads\\\/2024\\\/01\\\/B-Corp-Logo-Black-RGB.png\",\"contentUrl\":\"https:\\\/\\\/nsisolution.com\\\/wp-content\\\/uploads\\\/2024\\\/01\\\/B-Corp-Logo-Black-RGB.png\"},{\"@type\":\"BreadcrumbList\",\"@id\":\"https:\\\/\\\/nsisolution.com\\\/en\\\/why-nsi\\\/social-responsability\\\/#breadcrumb\",\"itemListElement\":[{\"@type\":\"ListItem\",\"position\":1,\"name\":\"Home\",\"item\":\"https:\\\/\\\/nsisolution.com\\\/en\\\/\"},{\"@type\":\"ListItem\",\"position\":2,\"name\":\"Why NSI\",\"item\":\"https:\\\/\\\/nsisolution.com\\\/en\\\/why-nsi\\\/\"},{\"@type\":\"ListItem\",\"position\":3,\"name\":\"Social Responsability\"}]},{\"@type\":\"WebSite\",\"@id\":\"https:\\\/\\\/nsisolution.com\\\/en\\\/#website\",\"url\":\"https:\\\/\\\/nsisolution.com\\\/en\\\/\",\"name\":\"NSI Solution\",\"description\":\"\",\"potentialAction\":[{\"@type\":\"SearchAction\",\"target\":{\"@type\":\"EntryPoint\",\"urlTemplate\":\"https:\\\/\\\/nsisolution.com\\\/en\\\/?s={search_term_string}\"},\"query-input\":{\"@type\":\"PropertyValueSpecification\",\"valueRequired\":true,\"valueName\":\"search_term_string\"}}],\"inLanguage\":\"en-US\"}]}<\/script>\n<!-- \/ Yoast SEO plugin. -->","yoast_head_json":{"title":"Social Responsability - NSI Solution","description":"NSI is committed to investing 2-4% of its revenues in social and environmental issues. We believe that to be successful, generating profit is no longer enough.","robots":{"index":"index","follow":"follow","max-snippet":"max-snippet:-1","max-image-preview":"max-image-preview:large","max-video-preview":"max-video-preview:-1"},"canonical":"https:\/\/nsisolution.com\/en\/why-nsi\/social-responsability\/","og_locale":"en_US","og_type":"article","og_title":"Social Responsability - NSI Solution","og_description":"NSI is committed to investing 2-4% of its revenues in social and environmental issues. We believe that to be successful, generating profit is no longer enough.","og_url":"https:\/\/nsisolution.com\/en\/why-nsi\/social-responsability\/","og_site_name":"NSI Solution","article_modified_time":"2024-01-03T20:33:35+00:00","og_image":[{"url":"https:\/\/nsisolution.com\/wp-content\/uploads\/2024\/01\/B-Corp-Logo-Black-RGB.png","type":"","width":"","height":""}],"twitter_card":"summary_large_image","twitter_site":"@NSI_Solution","schema":{"@context":"https:\/\/schema.org","@graph":[{"@type":"WebPage","@id":"https:\/\/nsisolution.com\/en\/why-nsi\/social-responsability\/","url":"https:\/\/nsisolution.com\/en\/why-nsi\/social-responsability\/","name":"Social Responsability - NSI Solution","isPartOf":{"@id":"https:\/\/nsisolution.com\/en\/#website"},"primaryImageOfPage":{"@id":"https:\/\/nsisolution.com\/en\/why-nsi\/social-responsability\/#primaryimage"},"image":{"@id":"https:\/\/nsisolution.com\/en\/why-nsi\/social-responsability\/#primaryimage"},"thumbnailUrl":"https:\/\/nsisolution.com\/wp-content\/uploads\/2024\/01\/B-Corp-Logo-Black-RGB.png","datePublished":"2022-11-03T14:23:32+00:00","dateModified":"2024-01-03T20:33:35+00:00","description":"NSI is committed to investing 2-4% of its revenues in social and environmental issues. We believe that to be successful, generating profit is no longer enough.","breadcrumb":{"@id":"https:\/\/nsisolution.com\/en\/why-nsi\/social-responsability\/#breadcrumb"},"inLanguage":"en-US","potentialAction":[{"@type":"ReadAction","target":["https:\/\/nsisolution.com\/en\/why-nsi\/social-responsability\/"]}]},{"@type":"ImageObject","inLanguage":"en-US","@id":"https:\/\/nsisolution.com\/en\/why-nsi\/social-responsability\/#primaryimage","url":"https:\/\/nsisolution.com\/wp-content\/uploads\/2024\/01\/B-Corp-Logo-Black-RGB.png","contentUrl":"https:\/\/nsisolution.com\/wp-content\/uploads\/2024\/01\/B-Corp-Logo-Black-RGB.png"},{"@type":"BreadcrumbList","@id":"https:\/\/nsisolution.com\/en\/why-nsi\/social-responsability\/#breadcrumb","itemListElement":[{"@type":"ListItem","position":1,"name":"Home","item":"https:\/\/nsisolution.com\/en\/"},{"@type":"ListItem","position":2,"name":"Why NSI","item":"https:\/\/nsisolution.com\/en\/why-nsi\/"},{"@type":"ListItem","position":3,"name":"Social Responsability"}]},{"@type":"WebSite","@id":"https:\/\/nsisolution.com\/en\/#website","url":"https:\/\/nsisolution.com\/en\/","name":"NSI Solution","description":"","potentialAction":[{"@type":"SearchAction","target":{"@type":"EntryPoint","urlTemplate":"https:\/\/nsisolution.com\/en\/?s={search_term_string}"},"query-input":{"@type":"PropertyValueSpecification","valueRequired":true,"valueName":"search_term_string"}}],"inLanguage":"en-US"}]}},"coauthors":[],"author_meta":{"author_link":"https:\/\/nsisolution.com\/en\/blog\/author\/vincent-gagnon\/","display_name":"Vincent Gagnon"},"relative_dates":{"created":"Posted 4 years ago","modified":"Updated 2 years ago"},"absolute_dates":{"created":"Posted on November 3, 2022","modified":"Updated on January 3, 2024"},"absolute_dates_time":{"created":"Posted on November 3, 2022 10h23","modified":"Updated on January 3, 2024 15h33"},"featured_img_caption":"","featured_img":false,"series_order":"","mfb_rest_fields":["title","yoast_head","yoast_head_json","coauthors","author_meta","relative_dates","absolute_dates","absolute_dates_time","featured_img_caption","featured_img","series_order"],"_links":{"self":[{"href":"https:\/\/nsisolution.com\/en\/wp-json\/wp\/v2\/pages\/1697","targetHints":{"allow":["GET"]}}],"collection":[{"href":"https:\/\/nsisolution.com\/en\/wp-json\/wp\/v2\/pages"}],"about":[{"href":"https:\/\/nsisolution.com\/en\/wp-json\/wp\/v2\/types\/page"}],"author":[{"embeddable":true,"href":"https:\/\/nsisolution.com\/en\/wp-json\/wp\/v2\/users\/5"}],"replies":[{"embeddable":true,"href":"https:\/\/nsisolution.com\/en\/wp-json\/wp\/v2\/comments?post=1697"}],"version-history":[{"count":0,"href":"https:\/\/nsisolution.com\/en\/wp-json\/wp\/v2\/pages\/1697\/revisions"}],"up":[{"embeddable":true,"href":"https:\/\/nsisolution.com\/en\/wp-json\/wp\/v2\/pages\/1601"}],"wp:attachment":[{"href":"https:\/\/nsisolution.com\/en\/wp-json\/wp\/v2\/media?parent=1697"}],"curies":[{"name":"wp","href":"https:\/\/api.w.org\/{rel}","templated":true}]}}